{"id":647,"date":"2018-02-22T13:38:36","date_gmt":"2018-02-22T11:38:36","guid":{"rendered":"https:\/\/www.sanatateapress.ro\/cariere\/"},"modified":"2018-03-12T11:36:32","modified_gmt":"2018-03-12T09:36:32","slug":"careers","status":"publish","type":"page","link":"https:\/\/www.sanatateapress.ro\/en\/careers\/","title":{"rendered":"Careers"},"content":{"rendered":"<p style=\"text-align: center;\"><span class=\"s2\">\u201eTo become an able and successful man in any profession, three things are necessary: nature, study and practice<\/span><span class=\"s2\">&#8221; (<strong>Henry Ward Beecher<\/strong>)<\/span><\/p>\n<p style=\"text-align: center;\"><strong>Do you want to be part of a young and professional team? Do you have experience in communication and journalism?<\/strong><\/p>\n<p style=\"text-align: center;\">Join us!<\/p>\n<p style=\"text-align: center;\">Send us your CV and a letter of intent using the following e-mail adress:<\/p>\n<p style=\"text-align: center;\"><img loading=\"lazy\" decoding=\"async\" class=\" wp-image-837 aligncenter\" src=\"https:\/\/www.sanatateapress.ro\/wp-content\/uploads\/2018\/03\/cariere-email-min.png\" alt=\"\" width=\"194\" height=\"38\" \/><\/p>\n","protected":false},"excerpt":{"rendered":"<p>\u201eTo become an able and successful man in any profession, three things are necessary: nature, study and practice&#8221; (Henry Ward Beecher) Do you want to be part of a young and professional team? Do you have experience in communication and journalism? Join us! Send us your CV and a letter of intent using the following [&hellip;]<\/p>\n","protected":false},"author":3,"featured_media":528,"parent":0,"menu_order":0,"comment_status":"closed","ping_status":"closed","template":"page-cariere.php","meta":{"footnotes":""},"class_list":["post-647","page","type-page","status-publish","has-post-thumbnail","hentry"],"yoast_head":"<!-- This site is optimized with the Yoast SEO plugin v15.4 - https:\/\/yoast.com\/wordpress\/plugins\/seo\/ -->\n<meta name=\"description\" content=\"Cariere - Vrei s\u0103 faci parte dintr-un colectiv t\u00e2n\u0103r \u015fi profesionist? Ai experien\u0163\u0103 \u00een domeniul comunic\u0103rii \u015fi jurnalismului?\" \/>\n<meta name=\"robots\" content=\"index, follow, max-snippet:-1, max-image-preview:large, max-video-preview:-1\" \/>\n<link rel=\"canonical\" href=\"https:\/\/www.sanatateapress.ro\/en\/careers\/\" \/>\n<meta property=\"og:locale\" content=\"en_US\" \/>\n<meta property=\"og:type\" content=\"article\" \/>\n<meta property=\"og:title\" content=\"Cariere\" \/>\n<meta property=\"og:description\" content=\"Cariere - Vrei s\u0103 faci parte dintr-un colectiv t\u00e2n\u0103r \u015fi profesionist? Ai experien\u0163\u0103 \u00een domeniul comunic\u0103rii \u015fi jurnalismului?\" \/>\n<meta property=\"og:url\" content=\"https:\/\/www.sanatateapress.ro\/en\/careers\/\" \/>\n<meta property=\"og:site_name\" content=\"Sanatatea Press Group\" \/>\n<meta property=\"article:publisher\" content=\"https:\/\/www.facebook.com\/Sanatatea-Press-Group-1594243224154185\/\" \/>\n<meta property=\"article:modified_time\" content=\"2018-03-12T09:36:32+00:00\" \/>\n<meta property=\"og:image\" content=\"https:\/\/www.sanatateapress.ro\/wp-content\/uploads\/2018\/02\/1-min.jpg\" \/>\n<meta name=\"twitter:card\" content=\"summary_large_image\" \/>\n<meta name=\"twitter:label1\" content=\"Written by\">\n\t<meta name=\"twitter:data1\" content=\"programare@sanatateapress.ro\">\n\t<meta name=\"twitter:label2\" content=\"Est. reading time\">\n\t<meta name=\"twitter:data2\" content=\"0 minutes\">\n<script type=\"application\/ld+json\" class=\"yoast-schema-graph\">{\"@context\":\"https:\/\/schema.org\",\"@graph\":[{\"@type\":\"Organization\",\"@id\":\"https:\/\/www.sanatateapress.ro\/#organization\",\"name\":\"Sanatatea Press Group\",\"url\":\"https:\/\/www.sanatateapress.ro\/\",\"sameAs\":[\"https:\/\/www.facebook.com\/Sanatatea-Press-Group-1594243224154185\/\"],\"logo\":{\"@type\":\"ImageObject\",\"@id\":\"https:\/\/www.sanatateapress.ro\/#logo\",\"inLanguage\":\"en-US\",\"url\":\"https:\/\/www.sanatateapress.ro\/wp-content\/uploads\/2018\/02\/cropped-Logo-SPG-150dpi-min.png\",\"width\":512,\"height\":512,\"caption\":\"Sanatatea Press Group\"},\"image\":{\"@id\":\"https:\/\/www.sanatateapress.ro\/#logo\"}},{\"@type\":\"WebSite\",\"@id\":\"https:\/\/www.sanatateapress.ro\/#website\",\"url\":\"https:\/\/www.sanatateapress.ro\/\",\"name\":\"Sanatatea Press Group\",\"description\":\"\",\"publisher\":{\"@id\":\"https:\/\/www.sanatateapress.ro\/#organization\"},\"potentialAction\":[{\"@type\":\"SearchAction\",\"target\":\"https:\/\/www.sanatateapress.ro\/?s={search_term_string}\",\"query-input\":\"required name=search_term_string\"}],\"inLanguage\":\"en-US\"},{\"@type\":\"ImageObject\",\"@id\":\"https:\/\/www.sanatateapress.ro\/en\/careers\/#primaryimage\",\"inLanguage\":\"en-US\",\"url\":\"https:\/\/www.sanatateapress.ro\/wp-content\/uploads\/2018\/02\/img-mobile-min.jpg\",\"width\":1920,\"height\":788},{\"@type\":\"WebPage\",\"@id\":\"https:\/\/www.sanatateapress.ro\/en\/careers\/#webpage\",\"url\":\"https:\/\/www.sanatateapress.ro\/en\/careers\/\",\"name\":\"Cariere\",\"isPartOf\":{\"@id\":\"https:\/\/www.sanatateapress.ro\/#website\"},\"primaryImageOfPage\":{\"@id\":\"https:\/\/www.sanatateapress.ro\/en\/careers\/#primaryimage\"},\"datePublished\":\"2018-02-22T11:38:36+00:00\",\"dateModified\":\"2018-03-12T09:36:32+00:00\",\"description\":\"Cariere - Vrei s\\u0103 faci parte dintr-un colectiv t\\u00e2n\\u0103r \\u015fi profesionist? Ai experien\\u0163\\u0103 \\u00een domeniul comunic\\u0103rii \\u015fi jurnalismului?\",\"inLanguage\":\"en-US\",\"potentialAction\":[{\"@type\":\"ReadAction\",\"target\":[\"https:\/\/www.sanatateapress.ro\/en\/careers\/\"]}]}]}<\/script>\n<!-- \/ Yoast SEO plugin. -->","_links":{"self":[{"href":"https:\/\/www.sanatateapress.ro\/en\/wp-json\/wp\/v2\/pages\/647","targetHints":{"allow":["GET"]}}],"collection":[{"href":"https:\/\/www.sanatateapress.ro\/en\/wp-json\/wp\/v2\/pages"}],"about":[{"href":"https:\/\/www.sanatateapress.ro\/en\/wp-json\/wp\/v2\/types\/page"}],"author":[{"embeddable":true,"href":"https:\/\/www.sanatateapress.ro\/en\/wp-json\/wp\/v2\/users\/3"}],"replies":[{"embeddable":true,"href":"https:\/\/www.sanatateapress.ro\/en\/wp-json\/wp\/v2\/comments?post=647"}],"version-history":[{"count":4,"href":"https:\/\/www.sanatateapress.ro\/en\/wp-json\/wp\/v2\/pages\/647\/revisions"}],"predecessor-version":[{"id":857,"href":"https:\/\/www.sanatateapress.ro\/en\/wp-json\/wp\/v2\/pages\/647\/revisions\/857"}],"wp:featuredmedia":[{"embeddable":true,"href":"https:\/\/www.sanatateapress.ro\/en\/wp-json\/wp\/v2\/media\/528"}],"wp:attachment":[{"href":"https:\/\/www.sanatateapress.ro\/en\/wp-json\/wp\/v2\/media?parent=647"}],"curies":[{"name":"wp","href":"https:\/\/api.w.org\/{rel}","templated":true}]}}