{"id":657,"date":"2018-02-21T16:26:42","date_gmt":"2018-02-21T14:26:42","guid":{"rendered":"https:\/\/www.sanatateapress.ro\/despre-noi\/"},"modified":"2018-03-07T17:45:16","modified_gmt":"2018-03-07T15:45:16","slug":"about-us","status":"publish","type":"page","link":"https:\/\/www.sanatateapress.ro\/en\/about-us\/","title":{"rendered":"About us"},"content":{"rendered":"<p><strong><span class=\"s2\">S<\/span><span class=\"s2\">\u0103n\u0103tatea<\/span><span class=\"s2\"> Press Group is a c<\/span><span class=\"s2\">ompany that offers ideas, consultancy<\/span><span class=\"s2\"> and strategies implemented in specialized services through five divisions:<\/span><\/strong><\/p>\n<div style=\"text-align: center;\"><strong>Media Division<\/strong><br \/>\n<strong>Strategy &amp; Communication Division<\/strong><br \/>\n<strong>The Events Division<\/strong><br \/>\n<strong>Health Production Division<\/strong><br \/>\n<strong>Logistics Division<\/strong><\/div>\n<p><span class=\"s6\">Through the Media Division, S\u0103n\u0103tatea Press Group manages three channels of information: <\/span><a href=\"http:\/\/www.sanatateatv.ro\/\" target=\"_blank\" rel=\"noopener\"><span class=\"s7\">www.SanatateaTV.ro<\/span><\/a><span class=\"s6\"> \u00a0&#8211; the first online \u00a0TV channel in Romania \u2013 dedicated exclusively to health<\/span><span class=\"s6\">care<\/span><span class=\"s6\">, <\/span><a href=\"http:\/\/www.comunicatemedicale.ro\/\" target=\"_blank\" rel=\"noopener\"><span class=\"s7\">www.ComunicateMedicale.ro<\/span><\/a><span class=\"s6\"> \u00a0&#8211; the first onl<\/span><span class=\"s6\">ine platform for publishing <\/span><span class=\"s6\">health \/ medical press releases, <\/span><a href=\"http:\/\/www.rohealthreview.ro\/\" target=\"_blank\" rel=\"noopener\"><span class=\"s7\">http:\/\/www.rohealthreview.ro\/<\/span><\/a><span class=\"s6\">: Strategies, Economics &amp; More &#8211; editorial project with high-quality content that offer<\/span><span class=\"s6\">s<\/span><span class=\"s6\"> a new and complete approach to the strategic, economic and management dimension of the Romanian health system<\/span><span class=\"s2\">.<\/span><\/p>\n","protected":false},"excerpt":{"rendered":"<p>S\u0103n\u0103tatea Press Group is a company that offers ideas, consultancy and strategies implemented in specialized services through five divisions: Media Division Strategy &amp; Communication Division The Events Division Health Production Division Logistics Division Through the Media Division, S\u0103n\u0103tatea Press Group manages three channels of information: www.SanatateaTV.ro \u00a0&#8211; the first online \u00a0TV channel in Romania \u2013 [&hellip;]<\/p>\n","protected":false},"author":3,"featured_media":0,"parent":0,"menu_order":0,"comment_status":"closed","ping_status":"closed","template":"page-despre-noi.php","meta":{"footnotes":""},"class_list":["post-657","page","type-page","status-publish","hentry"],"yoast_head":"<!-- This site is optimized with the Yoast SEO plugin v15.4 - https:\/\/yoast.com\/wordpress\/plugins\/seo\/ -->\n<meta name=\"description\" content=\"Despre noi - S\u0103n\u0103tatea Press Group este o companie care ofer\u0103 idei, consultan\u0163\u0103 \u015fi strategii transpuse \u00een servicii de\u00a0comunicare, organizare de evenimente, produc\u0163ii video\" \/>\n<meta name=\"robots\" content=\"index, follow, max-snippet:-1, max-image-preview:large, max-video-preview:-1\" \/>\n<link rel=\"canonical\" href=\"https:\/\/www.sanatateapress.ro\/despre-noi\/\" \/>\n<meta property=\"og:locale\" content=\"en_US\" \/>\n<meta property=\"og:type\" content=\"article\" \/>\n<meta property=\"og:title\" content=\"Despre noi\" \/>\n<meta property=\"og:description\" content=\"Despre noi - S\u0103n\u0103tatea Press Group este o companie care ofer\u0103 idei, consultan\u0163\u0103 \u015fi strategii transpuse \u00een servicii de\u00a0comunicare, organizare de evenimente, produc\u0163ii video\" \/>\n<meta property=\"og:url\" content=\"https:\/\/www.sanatateapress.ro\/despre-noi\/\" \/>\n<meta property=\"og:site_name\" content=\"Sanatatea Press Group\" \/>\n<meta property=\"article:publisher\" content=\"https:\/\/www.facebook.com\/Sanatatea-Press-Group-1594243224154185\/\" \/>\n<meta property=\"article:modified_time\" content=\"2018-03-07T15:45:16+00:00\" \/>\n<meta property=\"og:image\" content=\"https:\/\/www.sanatateapress.ro\/wp-content\/uploads\/2018\/02\/cropped-Logo-SPG-150dpi-min.png\" \/>\n<meta name=\"twitter:card\" content=\"summary_large_image\" \/>\n<meta name=\"twitter:label1\" content=\"Written by\">\n\t<meta name=\"twitter:data1\" content=\"programare@sanatateapress.ro\">\n\t<meta name=\"twitter:label2\" content=\"Est. reading time\">\n\t<meta name=\"twitter:data2\" content=\"0 minutes\">\n<script type=\"application\/ld+json\" class=\"yoast-schema-graph\">{\"@context\":\"https:\/\/schema.org\",\"@graph\":[{\"@type\":\"Organization\",\"@id\":\"https:\/\/www.sanatateapress.ro\/#organization\",\"name\":\"Sanatatea Press Group\",\"url\":\"https:\/\/www.sanatateapress.ro\/\",\"sameAs\":[\"https:\/\/www.facebook.com\/Sanatatea-Press-Group-1594243224154185\/\"],\"logo\":{\"@type\":\"ImageObject\",\"@id\":\"https:\/\/www.sanatateapress.ro\/#logo\",\"inLanguage\":\"en-US\",\"url\":\"https:\/\/www.sanatateapress.ro\/wp-content\/uploads\/2018\/02\/cropped-Logo-SPG-150dpi-min.png\",\"width\":512,\"height\":512,\"caption\":\"Sanatatea Press Group\"},\"image\":{\"@id\":\"https:\/\/www.sanatateapress.ro\/#logo\"}},{\"@type\":\"WebSite\",\"@id\":\"https:\/\/www.sanatateapress.ro\/#website\",\"url\":\"https:\/\/www.sanatateapress.ro\/\",\"name\":\"Sanatatea Press Group\",\"description\":\"\",\"publisher\":{\"@id\":\"https:\/\/www.sanatateapress.ro\/#organization\"},\"potentialAction\":[{\"@type\":\"SearchAction\",\"target\":\"https:\/\/www.sanatateapress.ro\/?s={search_term_string}\",\"query-input\":\"required name=search_term_string\"}],\"inLanguage\":\"en-US\"},{\"@type\":\"WebPage\",\"@id\":\"https:\/\/www.sanatateapress.ro\/despre-noi\/#webpage\",\"url\":\"https:\/\/www.sanatateapress.ro\/despre-noi\/\",\"name\":\"Despre noi - Sanatatea Press Group\",\"isPartOf\":{\"@id\":\"https:\/\/www.sanatateapress.ro\/#website\"},\"datePublished\":\"2018-02-21T14:26:42+00:00\",\"dateModified\":\"2018-03-07T15:45:16+00:00\",\"description\":\"Despre noi - S\\u0103n\\u0103tatea Press Group este o companie care ofer\\u0103 idei, consultan\\u0163\\u0103 \\u015fi strategii transpuse \\u00een servicii de\\u00a0comunicare, organizare de evenimente, produc\\u0163ii video\",\"inLanguage\":\"en-US\",\"potentialAction\":[{\"@type\":\"ReadAction\",\"target\":[\"https:\/\/www.sanatateapress.ro\/despre-noi\/\"]}]}]}<\/script>\n<!-- \/ Yoast SEO plugin. -->","_links":{"self":[{"href":"https:\/\/www.sanatateapress.ro\/en\/wp-json\/wp\/v2\/pages\/657","targetHints":{"allow":["GET"]}}],"collection":[{"href":"https:\/\/www.sanatateapress.ro\/en\/wp-json\/wp\/v2\/pages"}],"about":[{"href":"https:\/\/www.sanatateapress.ro\/en\/wp-json\/wp\/v2\/types\/page"}],"author":[{"embeddable":true,"href":"https:\/\/www.sanatateapress.ro\/en\/wp-json\/wp\/v2\/users\/3"}],"replies":[{"embeddable":true,"href":"https:\/\/www.sanatateapress.ro\/en\/wp-json\/wp\/v2\/comments?post=657"}],"version-history":[{"count":2,"href":"https:\/\/www.sanatateapress.ro\/en\/wp-json\/wp\/v2\/pages\/657\/revisions"}],"predecessor-version":[{"id":659,"href":"https:\/\/www.sanatateapress.ro\/en\/wp-json\/wp\/v2\/pages\/657\/revisions\/659"}],"wp:attachment":[{"href":"https:\/\/www.sanatateapress.ro\/en\/wp-json\/wp\/v2\/media?parent=657"}],"curies":[{"name":"wp","href":"https:\/\/api.w.org\/{rel}","templated":true}]}}